{"id":27,"date":"2023-11-18T17:20:24","date_gmt":"2023-11-18T17:20:24","guid":{"rendered":"https:\/\/www.egt-burkina.com\/?page_id=27"},"modified":"2023-11-19T16:28:03","modified_gmt":"2023-11-19T16:28:03","slug":"presentation","status":"publish","type":"page","link":"https:\/\/www.egt-burkina.com\/index.php\/a-propos\/presentation\/","title":{"rendered":"Pr\u00e9sentation"},"content":{"rendered":"<p>L\u2019entreprise EGT (Entreprise G\u00e9n\u00e9ral Techniciens) est une entreprise cr\u00e9er en 2019 registre dont le Num\u00e9ro IFU est le 00116216B et immatriculer au registre de commerce avec pour num\u00e9ro RCCM : BFOUA2019A1246 dirig\u00e9e par un Directeur g\u00e9n\u00e9ral.<\/p>\n<h3>Nos engagements<\/h3>\n<p>Entreprise G\u00e9n\u00e9rale les Techniciens, s\u2019engage dans les d\u00e9veloppements durables et choisi des mat\u00e9riaux de qualit\u00e9s, dans l\u2019innovation de l\u2019\u00e9nergie renouvelable et la cr\u00e9ativit\u00e9 de l\u2019emploi pour les jeunes et les g\u00e9n\u00e9rations \u00e0 Venir.<\/p>\n","protected":false},"excerpt":{"rendered":"<p>L\u2019entreprise EGT (Entreprise G\u00e9n\u00e9ral Techniciens) est une entreprise cr\u00e9er en 2019 registre dont le Num\u00e9ro IFU est le 00116216B et immatriculer au registre de commerce avec pour num\u00e9ro RCCM : BFOUA2019A1246 dirig\u00e9e par un Directeur g\u00e9n\u00e9ral. Nos engagements Entreprise G\u00e9n\u00e9rale les Techniciens, s\u2019engage dans les d\u00e9veloppements durables et choisi des mat\u00e9riaux de qualit\u00e9s, dans l\u2019innovation [&hellip;]<\/p>\n","protected":false},"author":1,"featured_media":0,"parent":7,"menu_order":0,"comment_status":"closed","ping_status":"closed","template":"","meta":{"ocean_post_layout":"","ocean_both_sidebars_style":"","ocean_both_sidebars_content_width":0,"ocean_both_sidebars_sidebars_width":0,"ocean_sidebar":"","ocean_second_sidebar":"","ocean_disable_margins":"enable","ocean_add_body_class":"","ocean_shortcode_before_top_bar":"","ocean_shortcode_after_top_bar":"","ocean_shortcode_before_header":"","ocean_shortcode_after_header":"","ocean_has_shortcode":"","ocean_shortcode_after_title":"","ocean_shortcode_before_footer_widgets":"","ocean_shortcode_after_footer_widgets":"","ocean_shortcode_before_footer_bottom":"","ocean_shortcode_after_footer_bottom":"","ocean_display_top_bar":"default","ocean_display_header":"default","ocean_header_style":"","ocean_center_header_left_menu":"","ocean_custom_header_template":"","ocean_custom_logo":0,"ocean_custom_retina_logo":0,"ocean_custom_logo_max_width":0,"ocean_custom_logo_tablet_max_width":0,"ocean_custom_logo_mobile_max_width":0,"ocean_custom_logo_max_height":0,"ocean_custom_logo_tablet_max_height":0,"ocean_custom_logo_mobile_max_height":0,"ocean_header_custom_menu":"","ocean_menu_typo_font_family":"","ocean_menu_typo_font_subset":"","ocean_menu_typo_font_size":0,"ocean_menu_typo_font_size_tablet":0,"ocean_menu_typo_font_size_mobile":0,"ocean_menu_typo_font_size_unit":"px","ocean_menu_typo_font_weight":"","ocean_menu_typo_font_weight_tablet":"","ocean_menu_typo_font_weight_mobile":"","ocean_menu_typo_transform":"","ocean_menu_typo_transform_tablet":"","ocean_menu_typo_transform_mobile":"","ocean_menu_typo_line_height":0,"ocean_menu_typo_line_height_tablet":0,"ocean_menu_typo_line_height_mobile":0,"ocean_menu_typo_line_height_unit":"","ocean_menu_typo_spacing":0,"ocean_menu_typo_spacing_tablet":0,"ocean_menu_typo_spacing_mobile":0,"ocean_menu_typo_spacing_unit":"","ocean_menu_link_color":"","ocean_menu_link_color_hover":"","ocean_menu_link_color_active":"","ocean_menu_link_background":"","ocean_menu_link_hover_background":"","ocean_menu_link_active_background":"","ocean_menu_social_links_bg":"","ocean_menu_social_hover_links_bg":"","ocean_menu_social_links_color":"","ocean_menu_social_hover_links_color":"","ocean_disable_title":"default","ocean_disable_heading":"default","ocean_post_title":"","ocean_post_subheading":"","ocean_post_title_style":"","ocean_post_title_background_color":"","ocean_post_title_background":0,"ocean_post_title_bg_image_position":"","ocean_post_title_bg_image_attachment":"","ocean_post_title_bg_image_repeat":"","ocean_post_title_bg_image_size":"","ocean_post_title_height":0,"ocean_post_title_bg_overlay":0.5,"ocean_post_title_bg_overlay_color":"","ocean_disable_breadcrumbs":"default","ocean_breadcrumbs_color":"","ocean_breadcrumbs_separator_color":"","ocean_breadcrumbs_links_color":"","ocean_breadcrumbs_links_hover_color":"","ocean_display_footer_widgets":"default","ocean_display_footer_bottom":"default","ocean_custom_footer_template":"","footnotes":""},"class_list":["post-27","page","type-page","status-publish","hentry","entry"],"yoast_head":"<!-- This site is optimized with the Yoast SEO plugin v27.4 - https:\/\/yoast.com\/product\/yoast-seo-wordpress\/ -->\n<title>Pr\u00e9sentation - EGT Burkina<\/title>\n<meta name=\"robots\" content=\"index, follow, max-snippet:-1, max-image-preview:large, max-video-preview:-1\" \/>\n<link rel=\"canonical\" href=\"https:\/\/www.egt-burkina.com\/index.php\/a-propos\/presentation\/\" \/>\n<meta property=\"og:locale\" content=\"fr_FR\" \/>\n<meta property=\"og:type\" content=\"article\" \/>\n<meta property=\"og:title\" content=\"Pr\u00e9sentation - EGT Burkina\" \/>\n<meta property=\"og:description\" content=\"L\u2019entreprise EGT (Entreprise G\u00e9n\u00e9ral Techniciens) est une entreprise cr\u00e9er en 2019 registre dont le Num\u00e9ro IFU est le 00116216B et immatriculer au registre de commerce avec pour num\u00e9ro RCCM : BFOUA2019A1246 dirig\u00e9e par un Directeur g\u00e9n\u00e9ral. Nos engagements Entreprise G\u00e9n\u00e9rale les Techniciens, s\u2019engage dans les d\u00e9veloppements durables et choisi des mat\u00e9riaux de qualit\u00e9s, dans l\u2019innovation [&hellip;]\" \/>\n<meta property=\"og:url\" content=\"https:\/\/www.egt-burkina.com\/index.php\/a-propos\/presentation\/\" \/>\n<meta property=\"og:site_name\" content=\"EGT Burkina\" \/>\n<meta property=\"article:modified_time\" content=\"2023-11-19T16:28:03+00:00\" \/>\n<meta name=\"twitter:card\" content=\"summary_large_image\" \/>\n<meta name=\"twitter:label1\" content=\"Dur\u00e9e de lecture estim\u00e9e\" \/>\n\t<meta name=\"twitter:data1\" content=\"1 minute\" \/>\n<script type=\"application\/ld+json\" class=\"yoast-schema-graph\">{\"@context\":\"https:\\\/\\\/schema.org\",\"@graph\":[{\"@type\":\"WebPage\",\"@id\":\"https:\\\/\\\/www.egt-burkina.com\\\/index.php\\\/a-propos\\\/presentation\\\/\",\"url\":\"https:\\\/\\\/www.egt-burkina.com\\\/index.php\\\/a-propos\\\/presentation\\\/\",\"name\":\"Pr\u00e9sentation - EGT Burkina\",\"isPartOf\":{\"@id\":\"https:\\\/\\\/www.egt-burkina.com\\\/#website\"},\"datePublished\":\"2023-11-18T17:20:24+00:00\",\"dateModified\":\"2023-11-19T16:28:03+00:00\",\"breadcrumb\":{\"@id\":\"https:\\\/\\\/www.egt-burkina.com\\\/index.php\\\/a-propos\\\/presentation\\\/#breadcrumb\"},\"inLanguage\":\"fr-FR\",\"potentialAction\":[{\"@type\":\"ReadAction\",\"target\":[\"https:\\\/\\\/www.egt-burkina.com\\\/index.php\\\/a-propos\\\/presentation\\\/\"]}]},{\"@type\":\"BreadcrumbList\",\"@id\":\"https:\\\/\\\/www.egt-burkina.com\\\/index.php\\\/a-propos\\\/presentation\\\/#breadcrumb\",\"itemListElement\":[{\"@type\":\"ListItem\",\"position\":1,\"name\":\"Accueil\",\"item\":\"https:\\\/\\\/www.egt-burkina.com\\\/\"},{\"@type\":\"ListItem\",\"position\":2,\"name\":\"A Propos\",\"item\":\"https:\\\/\\\/www.egt-burkina.com\\\/index.php\\\/a-propos\\\/\"},{\"@type\":\"ListItem\",\"position\":3,\"name\":\"Pr\u00e9sentation\"}]},{\"@type\":\"WebSite\",\"@id\":\"https:\\\/\\\/www.egt-burkina.com\\\/#website\",\"url\":\"https:\\\/\\\/www.egt-burkina.com\\\/\",\"name\":\"EGT Burkina\",\"description\":\"\",\"publisher\":{\"@id\":\"https:\\\/\\\/www.egt-burkina.com\\\/#organization\"},\"potentialAction\":[{\"@type\":\"SearchAction\",\"target\":{\"@type\":\"EntryPoint\",\"urlTemplate\":\"https:\\\/\\\/www.egt-burkina.com\\\/?s={search_term_string}\"},\"query-input\":{\"@type\":\"PropertyValueSpecification\",\"valueRequired\":true,\"valueName\":\"search_term_string\"}}],\"inLanguage\":\"fr-FR\"},{\"@type\":\"Organization\",\"@id\":\"https:\\\/\\\/www.egt-burkina.com\\\/#organization\",\"name\":\"EGT Burkina\",\"url\":\"https:\\\/\\\/www.egt-burkina.com\\\/\",\"logo\":{\"@type\":\"ImageObject\",\"inLanguage\":\"fr-FR\",\"@id\":\"https:\\\/\\\/www.egt-burkina.com\\\/#\\\/schema\\\/logo\\\/image\\\/\",\"url\":\"https:\\\/\\\/www.egt-burkina.com\\\/wp-content\\\/uploads\\\/2023\\\/11\\\/logo_egt.png\",\"contentUrl\":\"https:\\\/\\\/www.egt-burkina.com\\\/wp-content\\\/uploads\\\/2023\\\/11\\\/logo_egt.png\",\"width\":118,\"height\":49,\"caption\":\"EGT Burkina\"},\"image\":{\"@id\":\"https:\\\/\\\/www.egt-burkina.com\\\/#\\\/schema\\\/logo\\\/image\\\/\"}}]}<\/script>\n<!-- \/ Yoast SEO plugin. -->","yoast_head_json":{"title":"Pr\u00e9sentation - EGT Burkina","robots":{"index":"index","follow":"follow","max-snippet":"max-snippet:-1","max-image-preview":"max-image-preview:large","max-video-preview":"max-video-preview:-1"},"canonical":"https:\/\/www.egt-burkina.com\/index.php\/a-propos\/presentation\/","og_locale":"fr_FR","og_type":"article","og_title":"Pr\u00e9sentation - EGT Burkina","og_description":"L\u2019entreprise EGT (Entreprise G\u00e9n\u00e9ral Techniciens) est une entreprise cr\u00e9er en 2019 registre dont le Num\u00e9ro IFU est le 00116216B et immatriculer au registre de commerce avec pour num\u00e9ro RCCM : BFOUA2019A1246 dirig\u00e9e par un Directeur g\u00e9n\u00e9ral. Nos engagements Entreprise G\u00e9n\u00e9rale les Techniciens, s\u2019engage dans les d\u00e9veloppements durables et choisi des mat\u00e9riaux de qualit\u00e9s, dans l\u2019innovation [&hellip;]","og_url":"https:\/\/www.egt-burkina.com\/index.php\/a-propos\/presentation\/","og_site_name":"EGT Burkina","article_modified_time":"2023-11-19T16:28:03+00:00","twitter_card":"summary_large_image","twitter_misc":{"Dur\u00e9e de lecture estim\u00e9e":"1 minute"},"schema":{"@context":"https:\/\/schema.org","@graph":[{"@type":"WebPage","@id":"https:\/\/www.egt-burkina.com\/index.php\/a-propos\/presentation\/","url":"https:\/\/www.egt-burkina.com\/index.php\/a-propos\/presentation\/","name":"Pr\u00e9sentation - EGT Burkina","isPartOf":{"@id":"https:\/\/www.egt-burkina.com\/#website"},"datePublished":"2023-11-18T17:20:24+00:00","dateModified":"2023-11-19T16:28:03+00:00","breadcrumb":{"@id":"https:\/\/www.egt-burkina.com\/index.php\/a-propos\/presentation\/#breadcrumb"},"inLanguage":"fr-FR","potentialAction":[{"@type":"ReadAction","target":["https:\/\/www.egt-burkina.com\/index.php\/a-propos\/presentation\/"]}]},{"@type":"BreadcrumbList","@id":"https:\/\/www.egt-burkina.com\/index.php\/a-propos\/presentation\/#breadcrumb","itemListElement":[{"@type":"ListItem","position":1,"name":"Accueil","item":"https:\/\/www.egt-burkina.com\/"},{"@type":"ListItem","position":2,"name":"A Propos","item":"https:\/\/www.egt-burkina.com\/index.php\/a-propos\/"},{"@type":"ListItem","position":3,"name":"Pr\u00e9sentation"}]},{"@type":"WebSite","@id":"https:\/\/www.egt-burkina.com\/#website","url":"https:\/\/www.egt-burkina.com\/","name":"EGT Burkina","description":"","publisher":{"@id":"https:\/\/www.egt-burkina.com\/#organization"},"potentialAction":[{"@type":"SearchAction","target":{"@type":"EntryPoint","urlTemplate":"https:\/\/www.egt-burkina.com\/?s={search_term_string}"},"query-input":{"@type":"PropertyValueSpecification","valueRequired":true,"valueName":"search_term_string"}}],"inLanguage":"fr-FR"},{"@type":"Organization","@id":"https:\/\/www.egt-burkina.com\/#organization","name":"EGT Burkina","url":"https:\/\/www.egt-burkina.com\/","logo":{"@type":"ImageObject","inLanguage":"fr-FR","@id":"https:\/\/www.egt-burkina.com\/#\/schema\/logo\/image\/","url":"https:\/\/www.egt-burkina.com\/wp-content\/uploads\/2023\/11\/logo_egt.png","contentUrl":"https:\/\/www.egt-burkina.com\/wp-content\/uploads\/2023\/11\/logo_egt.png","width":118,"height":49,"caption":"EGT Burkina"},"image":{"@id":"https:\/\/www.egt-burkina.com\/#\/schema\/logo\/image\/"}}]}},"jetpack_sharing_enabled":true,"_links":{"self":[{"href":"https:\/\/www.egt-burkina.com\/index.php\/wp-json\/wp\/v2\/pages\/27","targetHints":{"allow":["GET"]}}],"collection":[{"href":"https:\/\/www.egt-burkina.com\/index.php\/wp-json\/wp\/v2\/pages"}],"about":[{"href":"https:\/\/www.egt-burkina.com\/index.php\/wp-json\/wp\/v2\/types\/page"}],"author":[{"embeddable":true,"href":"https:\/\/www.egt-burkina.com\/index.php\/wp-json\/wp\/v2\/users\/1"}],"replies":[{"embeddable":true,"href":"https:\/\/www.egt-burkina.com\/index.php\/wp-json\/wp\/v2\/comments?post=27"}],"version-history":[{"count":10,"href":"https:\/\/www.egt-burkina.com\/index.php\/wp-json\/wp\/v2\/pages\/27\/revisions"}],"predecessor-version":[{"id":66,"href":"https:\/\/www.egt-burkina.com\/index.php\/wp-json\/wp\/v2\/pages\/27\/revisions\/66"}],"up":[{"embeddable":true,"href":"https:\/\/www.egt-burkina.com\/index.php\/wp-json\/wp\/v2\/pages\/7"}],"wp:attachment":[{"href":"https:\/\/www.egt-burkina.com\/index.php\/wp-json\/wp\/v2\/media?parent=27"}],"curies":[{"name":"wp","href":"https:\/\/api.w.org\/{rel}","templated":true}]}}